{"id":35900,"date":"2024-09-16T12:47:19","date_gmt":"2024-09-16T10:47:19","guid":{"rendered":"https:\/\/www.maideu.net\/?page_id=35900"},"modified":"2025-03-18T13:52:53","modified_gmt":"2025-03-18T11:52:53","slug":"politica-de-cookies","status":"publish","type":"page","link":"https:\/\/www.maideu.net\/es\/politica-de-cookies\/","title":{"rendered":"Pol\u00edtica de cookies"},"content":{"rendered":"<div data-elementor-type=\"wp-page\" data-elementor-id=\"35900\" class=\"elementor elementor-35900\" data-elementor-post-type=\"page\">\n\t\t\t\t\t\t<section class=\"elementor-section elementor-top-section elementor-element elementor-element-73325de elementor-section-boxed elementor-section-height-default elementor-section-height-default\" data-id=\"73325de\" data-element_type=\"section\" data-settings=\"{&quot;jet_parallax_layout_list&quot;:[]}\">\n\t\t\t\t\t\t<div class=\"elementor-container elementor-column-gap-default\">\n\t\t\t\t\t<div class=\"elementor-column elementor-col-100 elementor-top-column elementor-element elementor-element-fdb82d6\" data-id=\"fdb82d6\" data-element_type=\"column\">\n\t\t\t<div class=\"elementor-widget-wrap elementor-element-populated\">\n\t\t\t\t\t\t<div class=\"elementor-element elementor-element-9c7b46d elementor-widget elementor-widget-text-editor\" data-id=\"9c7b46d\" data-element_type=\"widget\" data-widget_type=\"text-editor.default\">\n\t\t\t\t<div class=\"elementor-widget-container\">\n\t\t\t\t\t\t\t<p class=\"p1\"><b style=\"color: var( --e-global-color-primary ); font-family: var( --e-global-typography-text-font-family ), Sans-serif; letter-spacing: 0px;\">POL\u00cdTICA DE COOKIES I PRIVACITAT<\/b><\/p><p class=\"p1\">L&#8217;acc\u00e9s a www.maideu.net pot implicar la utilitzaci\u00f3 de cookies. Les cookies s\u00f3n petites quantitats d&#8217;informaci\u00f3 que s&#8217;emmagatzemen al navegador utilitzat per cada Usuari -en els diferents dispositius que pugui utilitzar per navegar- perqu\u00e8 el servidor recordi certa informaci\u00f3 que posteriorment i \u00fanicament el servidor que la va implementar llegir\u00e0. Les cookies faciliten la navegaci\u00f3, la fan m\u00e9s amigable, i no fan malb\u00e9 el dispositiu de navegaci\u00f3.<\/p><p class=\"p1\">Les cookies s\u00f3n procediments autom\u00e0tics de recollida d&#8217;informaci\u00f3 relativa a les prefer\u00e8ncies determinades per l&#8217;Usuari durant la visita al Lloc Web per tal de recon\u00e8ixer-lo com a Usuari, i personalitzar la seva experi\u00e8ncia i l&#8217;\u00fas del Lloc Web, i tamb\u00e9 poden, per exemple, ajudar a identificar i resoldre errors.<\/p><p class=\"p1\">La informaci\u00f3 recollida a trav\u00e9s de les cookies pot incloure la data i hora de visites al Lloc Web, les p\u00e0gines visionades, el temps que ha estat al Lloc Web i els llocs visitats just abans i despr\u00e9s. Tot i aix\u00f2, cap cookie permet que aquesta mateixa pugui contactar amb el n\u00famero de tel\u00e8fon de l&#8217;Usuari o amb qualsevol altre mitj\u00e0 de contacte personal. Cap cookie no pot extreure informaci\u00f3 del disc dur de l&#8217;Usuari o robar informaci\u00f3 personal. L&#8217;\u00fanica manera que la informaci\u00f3 privada de l&#8217;Usuari formi part del fitxer Cookie \u00e9s que l&#8217;usuari doni personalmente aquesta informaci\u00f3 al servidor.<\/p><p class=\"p1\">Les cookies que permeten identificar una persona es consideren dades personals. Per tant, a les mateixes els ser\u00e0 aplicable la Pol\u00edtica de Privadesa anteriorment descrita. En aquest sentit, per utilitzar-les ser\u00e0 necessari el consentiment de l&#8217;Usuari. Aquest consentiment ser\u00e0 comunicat, en base a una elecci\u00f3 aut\u00e8ntica, ofert mitjan\u00e7ant una decisi\u00f3 afirmativa i positiva, abans del tractament inicial, removible i documentat.<\/p><p class=\"p1\"><b>Cookies pr\u00f2pies<\/b><\/p><p class=\"p1\">S\u00f3n aquelles cookies que s\u00f3n enviades a l&#8217;ordinador o dispositiu de l&#8217;Usuari i gestionades exclusivament per MAIDEU SL per al millor funcionament del Lloc Web. La informaci\u00f3 que es recull s&#8217;empra per millorar la qualitat del Lloc Web i el seu Contingut i la seva experi\u00e8ncia com a Usuari. Aquestes cookies permeten recon\u00e8ixer l&#8217;Usuari com a visitant recurrent del Lloc Web i adaptar el contingut per oferir continguts que s&#8217;ajustin a les seves prefer\u00e8ncies.<\/p><p class=\"p1\"><b>Cookies de tercers<\/b><\/p><p class=\"p1\">S\u00f3n cookies utilitzades i gestionades per entitats externes que proporcionen a MAIDEU SL serveis sol\u00b7licitats per aquest mateix per millorar el Lloc Web i l&#8217;experi\u00e8ncia de l&#8217;usuari en navegar al Lloc Web. Els objectius principals per als quals s&#8217;utilitzen cookies de tercers s\u00f3n l&#8217;obtenci\u00f3 d&#8217;estad\u00edstiques d&#8217;accessos i analitzar la informaci\u00f3 de la navegaci\u00f3, \u00e9s a dir, com interactua l&#8217;Usuari amb el Lloc Web.<\/p><p class=\"p1\">La informaci\u00f3 que s&#8217;obt\u00e9 es refereix, per exemple, al nombre de p\u00e0gines visitades, l&#8217;idioma, el lloc on l&#8217;adre\u00e7a IP des del qual accedeix l&#8217;Usuari, el nombre d&#8217;Usuaris que hi accedeixen, la freq\u00fc\u00e8ncia i la reincid\u00e8ncia de les visites, el temps de visita, el navegador que usen, l&#8217;operador o tipus de dispositiu des del qual es fa la visita. Aquesta informaci\u00f3 es fa servir per millorar el Lloc Web, i detectar noves necessitats per oferir als Usuaris un Contingut i\/o servei d&#8217;\u00f2ptima qualitat. En tot cas, la informaci\u00f3 es recopila de forma an\u00f2nima i s&#8217;elaboren informes de tend\u00e8ncies del Lloc Web sense identificar usuaris individuals.<\/p><p><script type=\"text\/javascript\" charset=\"UTF-8\" data-cookiescriptreport=\"report\" src=\"\/\/report.cookie-script.com\/r\/defb1e3856591089dfa7fd0b9b068344.js\"><\/script><\/p><p class=\"p1\"><b>Cookies de xarxes socials<\/b><\/p><p class=\"p1\">MAIDEU SL incorpora plugins de xarxes socials, que permeten accedir-hi a partir del Lloc Web. Per aquesta ra\u00f3, les cookies de xarxes socials es poden emmagatzemar al navegador de l&#8217;Usuari. Els titulars de les xarxes socials esmentades disposen de les seves pr\u00f2pies pol\u00edtiques de protecci\u00f3 de dades i de cookies, sent ells mateixos, en cada cas, responsables dels seus propis fitxers i de les seves pr\u00f2pies pr\u00e0ctiques de privadesa. L&#8217;Usuari ha de referir-s&#8217;hi per informar-se sobre aquestes cookies i, si escau, del tractament de les seves dades personals. \u00danicament a t\u00edtol informatiu s&#8217;indiquen a continuaci\u00f3 els enlla\u00e7os en qu\u00e8 es poden consultar aquestes pol\u00edtiques de privadesa i\/o de cookies:<\/p><p class=\"p1\">Facebook: https:\/\/www.facebook.com\/policies\/cookies\/<\/p><p class=\"p1\">Twitter: https:\/\/twitter.com\/es\/privacy<\/p><p class=\"p1\">Instagram: https:\/\/help.instagram.com\/1896641480634370?ref=ig<\/p><p class=\"p1\">YouTube: https:\/\/policies.google.com\/privacy?hl=ca-419&amp;gl=mx<\/p><p class=\"p1\">Pinterest: https:\/\/policy.pinterest.com\/es\/privacy-policy<\/p><p class=\"p1\">LinkedIn: <a href=\"https:\/\/www.linkedin.com\/legal\/cookie-policy?trk=hp-cookies\"><span class=\"s1\">https:\/\/www.linkedin.com\/legal\/cookie-policy?trk=hp-cookies<\/span><\/a><\/p><p class=\"p1\"><b>Deshabilitar, rebutjar i eliminar cookies<\/b><\/p><p class=\"p1\">L&#8217;Usuari pot deshabilitar, rebutjar i eliminar les cookies \u2014totalment o parcialment\u2014 instal\u00b7lades al dispositiu mitjan\u00e7ant la configuraci\u00f3 del vostre navegador (entre els quals es troben, per exemple, Chrome, Firefox, Safari, Explorer). En aquest sentit, els procediments per rebutjar i eliminar les cookies poden diferir d&#8217;un navegador d&#8217;Internet a un altre. En conseq\u00fc\u00e8ncia, l&#8217;Usuari ha d&#8217;acudir a les instruccions facilitades pel navegador d&#8217;Internet mateix que utilitzi. En cas que rebutgi l&#8217;\u00fas de cookies \u2014totalment o parcialment\u2014 podr\u00e0 continuar usant el Lloc Web, si b\u00e9 podr\u00e0 tenir limitada la utilitzaci\u00f3 d&#8217;algunes de les prestacions del mateix.<\/p>\t\t\t\t\t\t<\/div>\n\t\t\t\t<\/div>\n\t\t\t\t\t<\/div>\n\t\t<\/div>\n\t\t\t\t\t<\/div>\n\t\t<\/section>\n\t\t\t\t<\/div>","protected":false},"excerpt":{"rendered":"<p>POL\u00cdTICA DE COOKIES I PRIVACITAT L&#8217;acc\u00e9s a www.maideu.net pot implicar la utilitzaci\u00f3 de cookies. Les cookies s\u00f3n petites quantitats d&#8217;informaci\u00f3 que s&#8217;emmagatzemen al navegador utilitzat per cada Usuari -en els diferents dispositius que pugui utilitzar per navegar- perqu\u00e8 el servidor recordi certa informaci\u00f3 que posteriorment i \u00fanicament el servidor que la va implementar llegir\u00e0. Les [&hellip;]<\/p>","protected":false},"author":1,"featured_media":0,"parent":0,"menu_order":0,"comment_status":"closed","ping_status":"closed","template":"","meta":{"footnotes":""},"class_list":["post-35900","page","type-page","status-publish","hentry"],"yoast_head":"<!-- This site is optimized with the Yoast SEO plugin v24.5 - https:\/\/yoast.com\/wordpress\/plugins\/seo\/ -->\n<title>Pol\u00edtica de cookies - Impremta Maideu<\/title>\n<meta name=\"robots\" content=\"index, follow, max-snippet:-1, max-image-preview:large, max-video-preview:-1\" \/>\n<link rel=\"canonical\" href=\"https:\/\/www.maideu.net\/es\/politica-de-cookies\/\" \/>\n<meta property=\"og:locale\" content=\"es_ES\" \/>\n<meta property=\"og:type\" content=\"article\" \/>\n<meta property=\"og:title\" content=\"Pol\u00edtica de cookies - Impremta Maideu\" \/>\n<meta property=\"og:description\" content=\"POL\u00cdTICA DE COOKIES I PRIVACITAT L&#8217;acc\u00e9s a www.maideu.net pot implicar la utilitzaci\u00f3 de cookies. Les cookies s\u00f3n petites quantitats d&#8217;informaci\u00f3 que s&#8217;emmagatzemen al navegador utilitzat per cada Usuari -en els diferents dispositius que pugui utilitzar per navegar- perqu\u00e8 el servidor recordi certa informaci\u00f3 que posteriorment i \u00fanicament el servidor que la va implementar llegir\u00e0. Les [&hellip;]\" \/>\n<meta property=\"og:url\" content=\"https:\/\/www.maideu.net\/es\/politica-de-cookies\/\" \/>\n<meta property=\"og:site_name\" content=\"Impremta Maideu\" \/>\n<meta property=\"article:modified_time\" content=\"2025-03-18T11:52:53+00:00\" \/>\n<meta name=\"twitter:card\" content=\"summary_large_image\" \/>\n<meta name=\"twitter:label1\" content=\"Tiempo de lectura\" \/>\n\t<meta name=\"twitter:data1\" content=\"6 minutos\" \/>\n<script type=\"application\/ld+json\" class=\"yoast-schema-graph\">{\"@context\":\"https:\/\/schema.org\",\"@graph\":[{\"@type\":\"WebPage\",\"@id\":\"https:\/\/www.maideu.net\/politica-de-cookies\/\",\"url\":\"https:\/\/www.maideu.net\/politica-de-cookies\/\",\"name\":\"Pol\u00edtica de cookies - Impremta Maideu\",\"isPartOf\":{\"@id\":\"https:\/\/www.maideu.net\/es\/#website\"},\"datePublished\":\"2024-09-16T10:47:19+00:00\",\"dateModified\":\"2025-03-18T11:52:53+00:00\",\"breadcrumb\":{\"@id\":\"https:\/\/www.maideu.net\/politica-de-cookies\/#breadcrumb\"},\"inLanguage\":\"es\",\"potentialAction\":[{\"@type\":\"ReadAction\",\"target\":[\"https:\/\/www.maideu.net\/politica-de-cookies\/\"]}]},{\"@type\":\"BreadcrumbList\",\"@id\":\"https:\/\/www.maideu.net\/politica-de-cookies\/#breadcrumb\",\"itemListElement\":[{\"@type\":\"ListItem\",\"position\":1,\"name\":\"Inici\",\"item\":\"https:\/\/www.maideu.net\/\"},{\"@type\":\"ListItem\",\"position\":2,\"name\":\"Pol\u00edtica de cookies\"}]},{\"@type\":\"WebSite\",\"@id\":\"https:\/\/www.maideu.net\/es\/#website\",\"url\":\"https:\/\/www.maideu.net\/es\/\",\"name\":\"Impremta Maideu\",\"description\":\"\",\"publisher\":{\"@id\":\"https:\/\/www.maideu.net\/es\/#organization\"},\"potentialAction\":[{\"@type\":\"SearchAction\",\"target\":{\"@type\":\"EntryPoint\",\"urlTemplate\":\"https:\/\/www.maideu.net\/es\/?s={search_term_string}\"},\"query-input\":{\"@type\":\"PropertyValueSpecification\",\"valueRequired\":true,\"valueName\":\"search_term_string\"}}],\"inLanguage\":\"es\"},{\"@type\":\"Organization\",\"@id\":\"https:\/\/www.maideu.net\/es\/#organization\",\"name\":\"Impremta Maideu\",\"url\":\"https:\/\/www.maideu.net\/es\/\",\"logo\":{\"@type\":\"ImageObject\",\"inLanguage\":\"es\",\"@id\":\"https:\/\/www.maideu.net\/es\/#\/schema\/logo\/image\/\",\"url\":\"https:\/\/www.maideu.net\/wp-content\/uploads\/2020\/04\/cropped-logomarca.png\",\"contentUrl\":\"https:\/\/www.maideu.net\/wp-content\/uploads\/2020\/04\/cropped-logomarca.png\",\"width\":794,\"height\":314,\"caption\":\"Impremta Maideu\"},\"image\":{\"@id\":\"https:\/\/www.maideu.net\/es\/#\/schema\/logo\/image\/\"}}]}<\/script>\n<!-- \/ Yoast SEO plugin. -->","yoast_head_json":{"title":"Pol\u00edtica de cookies - Impremta Maideu","robots":{"index":"index","follow":"follow","max-snippet":"max-snippet:-1","max-image-preview":"max-image-preview:large","max-video-preview":"max-video-preview:-1"},"canonical":"https:\/\/www.maideu.net\/es\/politica-de-cookies\/","og_locale":"es_ES","og_type":"article","og_title":"Pol\u00edtica de cookies - Impremta Maideu","og_description":"POL\u00cdTICA DE COOKIES I PRIVACITAT L&#8217;acc\u00e9s a www.maideu.net pot implicar la utilitzaci\u00f3 de cookies. Les cookies s\u00f3n petites quantitats d&#8217;informaci\u00f3 que s&#8217;emmagatzemen al navegador utilitzat per cada Usuari -en els diferents dispositius que pugui utilitzar per navegar- perqu\u00e8 el servidor recordi certa informaci\u00f3 que posteriorment i \u00fanicament el servidor que la va implementar llegir\u00e0. Les [&hellip;]","og_url":"https:\/\/www.maideu.net\/es\/politica-de-cookies\/","og_site_name":"Impremta Maideu","article_modified_time":"2025-03-18T11:52:53+00:00","twitter_card":"summary_large_image","twitter_misc":{"Tiempo de lectura":"6 minutos"},"schema":{"@context":"https:\/\/schema.org","@graph":[{"@type":"WebPage","@id":"https:\/\/www.maideu.net\/politica-de-cookies\/","url":"https:\/\/www.maideu.net\/politica-de-cookies\/","name":"Pol\u00edtica de cookies - Impremta Maideu","isPartOf":{"@id":"https:\/\/www.maideu.net\/es\/#website"},"datePublished":"2024-09-16T10:47:19+00:00","dateModified":"2025-03-18T11:52:53+00:00","breadcrumb":{"@id":"https:\/\/www.maideu.net\/politica-de-cookies\/#breadcrumb"},"inLanguage":"es","potentialAction":[{"@type":"ReadAction","target":["https:\/\/www.maideu.net\/politica-de-cookies\/"]}]},{"@type":"BreadcrumbList","@id":"https:\/\/www.maideu.net\/politica-de-cookies\/#breadcrumb","itemListElement":[{"@type":"ListItem","position":1,"name":"Inici","item":"https:\/\/www.maideu.net\/"},{"@type":"ListItem","position":2,"name":"Pol\u00edtica de cookies"}]},{"@type":"WebSite","@id":"https:\/\/www.maideu.net\/es\/#website","url":"https:\/\/www.maideu.net\/es\/","name":"Impremta Maideu","description":"","publisher":{"@id":"https:\/\/www.maideu.net\/es\/#organization"},"potentialAction":[{"@type":"SearchAction","target":{"@type":"EntryPoint","urlTemplate":"https:\/\/www.maideu.net\/es\/?s={search_term_string}"},"query-input":{"@type":"PropertyValueSpecification","valueRequired":true,"valueName":"search_term_string"}}],"inLanguage":"es"},{"@type":"Organization","@id":"https:\/\/www.maideu.net\/es\/#organization","name":"Impremta Maideu","url":"https:\/\/www.maideu.net\/es\/","logo":{"@type":"ImageObject","inLanguage":"es","@id":"https:\/\/www.maideu.net\/es\/#\/schema\/logo\/image\/","url":"https:\/\/www.maideu.net\/wp-content\/uploads\/2020\/04\/cropped-logomarca.png","contentUrl":"https:\/\/www.maideu.net\/wp-content\/uploads\/2020\/04\/cropped-logomarca.png","width":794,"height":314,"caption":"Impremta Maideu"},"image":{"@id":"https:\/\/www.maideu.net\/es\/#\/schema\/logo\/image\/"}}]}},"_links":{"self":[{"href":"https:\/\/www.maideu.net\/es\/wp-json\/wp\/v2\/pages\/35900"}],"collection":[{"href":"https:\/\/www.maideu.net\/es\/wp-json\/wp\/v2\/pages"}],"about":[{"href":"https:\/\/www.maideu.net\/es\/wp-json\/wp\/v2\/types\/page"}],"author":[{"embeddable":true,"href":"https:\/\/www.maideu.net\/es\/wp-json\/wp\/v2\/users\/1"}],"replies":[{"embeddable":true,"href":"https:\/\/www.maideu.net\/es\/wp-json\/wp\/v2\/comments?post=35900"}],"version-history":[{"count":35,"href":"https:\/\/www.maideu.net\/es\/wp-json\/wp\/v2\/pages\/35900\/revisions"}],"predecessor-version":[{"id":38513,"href":"https:\/\/www.maideu.net\/es\/wp-json\/wp\/v2\/pages\/35900\/revisions\/38513"}],"wp:attachment":[{"href":"https:\/\/www.maideu.net\/es\/wp-json\/wp\/v2\/media?parent=35900"}],"curies":[{"name":"wp","href":"https:\/\/api.w.org\/{rel}","templated":true}]}}